{"id":909,"date":"2020-03-16T17:23:45","date_gmt":"2020-03-16T17:23:45","guid":{"rendered":"http:\/\/josemanuelcardiel.com\/?page_id=909"},"modified":"2021-10-22T15:54:51","modified_gmt":"2021-10-22T15:54:51","slug":"donde-encontrar-la-obra-de-cardiel","status":"publish","type":"page","link":"https:\/\/josemanuelcardiel.com\/fr\/ou-trouver-le-travail-de-cardiel\/","title":{"rendered":"Oeuvre expos\u00e9e, publique et priv\u00e9e"},"content":{"rendered":"<div class=\"wp-block-getwid-section alignfull alignfull getwid-section-content-full-width\"><div class=\"wp-block-getwid-section__wrapper\"><div class=\"wp-block-getwid-section__inner-wrapper\"><div class=\"wp-block-getwid-section__background-holder\"><div class=\"wp-block-getwid-section__background\"><\/div><div class=\"wp-block-getwid-section__foreground\"><\/div><\/div><div class=\"wp-block-getwid-section__content\"><div class=\"wp-block-getwid-section__inner-content\">\n<div class=\"wp-block-image\"><figure class=\"aligncenter size-large\"><img loading=\"lazy\" decoding=\"async\" width=\"1200\" height=\"301\" src=\"https:\/\/i2.wp.com\/josemanuelcardiel.com\/wp-content\/uploads\/2020\/03\/transforming300.jpeg?fit=1024%2C257&amp;ssl=1\" alt=\"\" class=\"wp-image-927\" srcset=\"https:\/\/josemanuelcardiel.com\/wp-content\/uploads\/2020\/03\/transforming300.jpeg 1200w, https:\/\/josemanuelcardiel.com\/wp-content\/uploads\/2020\/03\/transforming300-300x75.jpeg 300w, https:\/\/josemanuelcardiel.com\/wp-content\/uploads\/2020\/03\/transforming300-1024x257.jpeg 1024w, https:\/\/josemanuelcardiel.com\/wp-content\/uploads\/2020\/03\/transforming300-768x193.jpeg 768w\" sizes=\"auto, (max-width: 1200px) 100vw, 1200px\" \/><\/figure><\/div>\n\n\n\n<p class=\"has-text-align-center\">Une partie de mon travail est expos\u00e9e entre autres dans ces lieux :<\/p>\n\n\n\n<div class=\"wp-block-uagb-advanced-heading uagb-block-965b658a\"><h2 class=\"uagb-heading-text\">Derni\u00e8res expositions<\/h2><div class=\"uagb-separator-wrap\"><div class=\"uagb-separator\"><\/div><\/div><p class=\"uagb-desc-text\">Travaux d&#039;exposition permanente au si\u00e8ge de l&#039;OTAN \u00e0 Bruxelles<br>Travaux d&#039;exposition permanente \u00e0 la Mairie de Saragosse<\/p><\/div>\n<\/div><\/div><\/div><\/div><\/div>\n\n\n\n<figure class=\"wp-block-table\"><table class=\"has-fixed-layout\"><tbody><tr><td>\u2013 Bureau du Gouvernement d&#039;Aragon \u00e0 Bruxelles&nbsp;  <br>\u2013 Bureau de la Cath\u00e9drale La Seo de Saragosse  <br>\u2013 Palais de Justice d&#039;Aragon.  <br>\u2013 Si\u00e8ge de la Radio T\u00e9l\u00e9vision Aragonaise  <br>\u2013 Si\u00e8ge r\u00e9gional de l\u2019Organisation nationale des aveugles d\u2019Aragon  <br>\u2013 Minist\u00e8re de la Sant\u00e9 du Gouvernement d&#039;Aragon  <br>\u2013 Chambre de Commerce de Saragosse  <br>\u2013 Handicap\u00e9 Physique d\u2019Aragon  <br>\u2013 Direction de la Culture CaixaForum \u00e0 Saragosse  <br>\u2013 Police Nationale, Groupement Judiciaire Central de Saragosse  <br>\u2013 Pompiers de Saragosse. Adresse m\u00e9dicale  <br>\u2013 Consulat de Belgique \u00e0 Saragosse  <br>\u2013 Consulat de Slovaquie \u00e0 Saragosse  <br>\u2013 Consulat du Honduras \u00e0 Saragosse  <br>\u2013 Consulat de Roumanie \u00e0 Bilbao  <br>\u2013 Consulat de Roumanie \u00e0 Saragosse  <br>\u2013 Doyen du Corps Consulaire. Consulat d&#039;Allemagne \u00e0 Saragosse <br>\u2013 Ambassade du Honduras \u00e0 Madrid  <br>\u2013 Commissariat National de Police, Brigade d&#039;Information \u00e0 Saragosse  <br>\u2013 Restaurant Churrasco \u00e0 Saragosse<br>\u2013 Restaurant Nola Grass \u00e0 Saragosse  <br>\u2013 Restaurant Or\u00edgenes \u00e0 Saragosse  <br>\u2013 Si\u00e8ge social d\u2019Adeslas Saragosse  <br>\u2013 Cabinet de conseil fiscal-travail Bernar \u00e0 Saragosse  <br>\u2013 Conseil juridique Hidalgo  <br>\u2013 Association ONG Phileos  <br>\u2013 Association du R\u00e9seau des Seniors de Saragosse  <br>\u2013 Centre de formation ICOMZ  <br>\u2013 Centre de Th\u00e9rapies Naturelles \u00c1lvarez Mercadal \u00e0 Saragosse  <br>\u2013 Centre M\u00e9dical Adeslas \u00e0 Saragosse  <br>\u2013 Centre de Yoga Rosa Cardiel \u00e0 Saragosse  <br>\u2013 Bureau de Caixabank \u00e0 Saragosse  <br>\u2013 Direction g\u00e9n\u00e9rale du DFAE \u00e0 Saragosse  <br>\u2013 Direction chirurgicale de la Cl\u00ednica Quir\u00f3n de Saragosse.  <br>\u2013 Doyenn\u00e9 de M\u00e9decine de Saragosse  <br>\u2013 Coll\u00e8ge des dentistes et stomatologues de Saragosse   <br>\u2013 Facult\u00e9 de m\u00e9decine ICOMZ  <br>\u2013 Laboratoire de proth\u00e8ses Moliner \u00e0 Saragosse&nbsp;<br>\u2013 La Salle Enea de Gipuzcoa   <\/td><td>\u2013 Acad\u00e9mie Royale de M\u00e9decine de Saragosse  <br>\u2013 Galerie Movart \u00e0 Madrid  <br>\u2013 H\u00f4tel Boston Saragosse  <br>\u2013 H\u00f4tel Diagonal Plaza \u00e0 Saragosse  <br>\u2013 H\u00f4tel Ilunion Bilbao  <br>\u2013 H\u00f4tel Ilunion Saragosse  <br>\u2013 H\u00f4tel Palafox \u00e0 Saragosse  <br>\u2013 H\u00f4tel Reina Petronila \u00e0 Saragosse  <br>\u2013 H\u00f4pital Clinique de Saragosse (traumatologie)  <br>\u2013 H\u00f4pital Clinique de Saragosse (endoscopies)  <br>\u2013 H\u00f4pital Clinique de Saragosse (Microbiologie)  <br>\u2013 H\u00f4pital du groupe Lavinig Asisa (adresse) <br>\u2013 H\u00f4pital Miguel Servet de Saragosse. Service digestif  <br>\u2013 H\u00f4pital provincial de Saragosse  <br>\u2013 Clinique de Sant\u00e9 Bleue \u00e0 Madrid  <br>\u2013 Clinique de Gyn\u00e9cologie Dra. Blasco \u00e0 Saragosse  <br>\u2013 Clinique de dermatologie Dr Albajar  <br>\u2013 Clinique HLA Montpellier \u00e0 Saragosse  <br>\u2013 Clinique Quir\u00f3n Saragosse  <br>\u2013 Clinique d\u2019ophtalmologie Dr Ferrer Novella  <br>\u2013 Consultation dermatologique Gonz\u00e1lez Pescador \u00e0 Saragosse  <br>\u2013 Consultation m\u00e9dicale Dr Portol\u00e9s  <br>\u2013 Consultation Radiologique Dr Gaya  <br>\u2013 Coordinateur de transplantation, Dr Eloy Tejero  <br>\u2013 Salle des Dipl\u00f4mes de la Facult\u00e9 de M\u00e9decine de l\u2019Universit\u00e9 de Saragosse  <br>\u2013 Secr\u00e9tariat G\u00e9n\u00e9ral du Coll\u00e8ge des M\u00e9decins de Saragosse  <br>\u2013 Polyclinique M\u00e9dicale ORL Dr. Vall\u00e9s \u00e0 Saragosse  <br>\u2013 Pr\u00e9sidence g\u00e9n\u00e9rale d\u2019Asisa \u00e0 Madrid  <br>\u2013 Si\u00e8ge social d\u2019Asisa Saragosse  <br>\u2013 Bureau Continente Antique \u00e0 Saragosse  <br>\u2013 Cabinet juridique Lape\u00f1a \u00e0 Saragosse  <br>\u2013 Cabinet d\u2019avocats Rived \u00e0 Madrid  <br>\u2013 Cabinet Juridique de Vilad\u00e9s  <br>\u2013 Cabinet m\u00e9dical de neurochirurgie Dr. Cort\u00e9s \u00e0 Saragosse  <br>\u2013 Ilma. Vice-recteur de l&#039;Universit\u00e9 de Saragosse Mme Yolanda Polo  <br>\u2013 Ilmo. Pr\u00e9sidente de l&#039;\u00c9cole d&#039;Infirmi\u00e8res de Saragosse  <br>\u2013 Ilmo. Pte du Coll\u00e8ge des Stomatologues de Saragosse Dr Rasal  <br> <\/td><\/tr><tr><td><\/td><td><\/td><\/tr><\/tbody><\/table><\/figure>\n\n\n\n<div class=\"wp-block-uagb-buttons uagb-buttons__outer-wrap uagb-block-8b6d5b23\"><div class=\"uagb-buttons__wrap uagb-buttons-layout-wrap\">\n<div class=\"wp-block-uagb-buttons-child uagb-buttons__outer-wrap uagb-block-ba6c5dea\"><div class=\"uagb-button__wrapper\"><a class=\"uagb-buttons-repeater\" href=\"https:\/\/josemanuelcardiel.com\/fr\/loeuvre\/\" rel=\"noopener noreferrer\" target=\"_self\"><div class=\"uagb-button__link\">Visitez l&#039;\u0153uvre<\/div><\/a><\/div><\/div>\n\n\n\n<div class=\"wp-block-uagb-buttons-child uagb-buttons__outer-wrap uagb-block-f7ce083e\"><div class=\"uagb-button__wrapper\"><a class=\"uagb-buttons-repeater\" href=\"https:\/\/josemanuelcardiel.com\/fr\/loeuvre\/\" rel=\"noopener noreferrer\" target=\"_self\"><div class=\"uagb-button__link\">Contactez moi<\/div><\/a><\/div><\/div>\n<\/div><\/div>\n\n\n\n<p><\/p>","protected":false},"excerpt":{"rendered":"<p>&#8211; Oficina del Gobierno de Arag\u00f3n en Bruselas&nbsp; &#8211; Oficina Catedral La Seo Zaragoza &#8211; Palacio del Justicia de Arag\u00f3n. &#8211; Sede Radio Televisi\u00f3n Aragonesa &#8211; Sede Regional de la Organizaci\u00f3n Nacional de Ciegos en Arag\u00f3n &#8211; Consejer\u00eda de Sanidad del Gobierno de Arag\u00f3n &#8211; C\u00e1mara de Comercio de Zaragoza &#8211; Disminuidos F\u00edsicos de Arag\u00f3n &#8211; Direcci\u00f3n de Cultura de CaixaForum en Zaragoza &#8211; Polic\u00eda Nacional, Grupo Judicial Centro en Zaragoza &#8211; Dpto. Bomberos de Zaragoza. Direcci\u00f3n m\u00e9dica &#8211; Consulado de B\u00e9lgica en Zaragoza &#8211; Consulado de Eslovaquia en Zaragoza &#8211; Consulado de Honduras en Zaragoza &#8211; Consulado de Ruman\u00eda en Bilbao &#8211; Consulado de Ruman\u00eda en Zaragoza &#8211; Decana del Cuerpo Consular. Consulado de Alemania en Zaragoza &#8211; Embajada de Honduras en Madrid &#8211; Comisar\u00eda Polic\u00eda nacional, Brigada de Informaci\u00f3n en Zaragoza &#8211; Restaurante Churrasco en Zaragoza&#8211; Restaurante Nola Grass en Zaragoza &#8211; Restaurante Or\u00edgenes de Zaragoza &#8211; Adeslas Oficina central de Zaragoza &#8211; Asesor\u00eda fiscal-laboral Bernar en Zaragoza &#8211; Asesor\u00eda Jur\u00eddica Hidalgo &#8211; Asociaci\u00f3n Phileos ONG &#8211; Asociaci\u00f3n Seniors en Red en Zaragoza &#8211; Centro de Formaci\u00f3n del ICOMZ &#8211; Centro de Terapias Naturales \u00c1lvarez Mercadal en Zaragoza &#8211; Centro M\u00e9dico de Adeslas en Zaragoza &#8211; Centro Yoga [&hellip;]<\/p>\n","protected":false},"author":1,"featured_media":0,"parent":0,"menu_order":0,"comment_status":"closed","ping_status":"closed","template":"","meta":{"_uag_custom_page_level_css":"","site-sidebar-layout":"default","site-content-layout":"default","ast-site-content-layout":"default","site-content-style":"default","site-sidebar-style":"default","ast-global-header-display":"","ast-banner-title-visibility":"","ast-main-header-display":"","ast-hfb-above-header-display":"","ast-hfb-below-header-display":"","ast-hfb-mobile-header-display":"","site-post-title":"","ast-breadcrumbs-content":"","ast-featured-img":"","footer-sml-layout":"","ast-disable-related-posts":"","theme-transparent-header-meta":"default","adv-header-id-meta":"","stick-header-meta":"default","header-above-stick-meta":"","header-main-stick-meta":"","header-below-stick-meta":"","astra-migrate-meta-layouts":"default","ast-page-background-enabled":"default","ast-page-background-meta":{"desktop":{"background-color":"var(--ast-global-color-4)","background-image":"","background-repeat":"repeat","background-position":"center center","background-size":"auto","background-attachment":"scroll","background-type":"","background-media":"","overlay-type":"","overlay-color":"","overlay-opacity":"","overlay-gradient":""},"tablet":{"background-color":"","background-image":"","background-repeat":"repeat","background-position":"center center","background-size":"auto","background-attachment":"scroll","background-type":"","background-media":"","overlay-type":"","overlay-color":"","overlay-opacity":"","overlay-gradient":""},"mobile":{"background-color":"","background-image":"","background-repeat":"repeat","background-position":"center center","background-size":"auto","background-attachment":"scroll","background-type":"","background-media":"","overlay-type":"","overlay-color":"","overlay-opacity":"","overlay-gradient":""}},"ast-content-background-meta":{"desktop":{"background-color":"var(--ast-global-color-5)","background-image":"","background-repeat":"repeat","background-position":"center center","background-size":"auto","background-attachment":"scroll","background-type":"","background-media":"","overlay-type":"","overlay-color":"","overlay-opacity":"","overlay-gradient":""},"tablet":{"background-color":"var(--ast-global-color-5)","background-image":"","background-repeat":"repeat","background-position":"center center","background-size":"auto","background-attachment":"scroll","background-type":"","background-media":"","overlay-type":"","overlay-color":"","overlay-opacity":"","overlay-gradient":""},"mobile":{"background-color":"var(--ast-global-color-5)","background-image":"","background-repeat":"repeat","background-position":"center center","background-size":"auto","background-attachment":"scroll","background-type":"","background-media":"","overlay-type":"","overlay-color":"","overlay-opacity":"","overlay-gradient":""}},"ngg_post_thumbnail":0,"footnotes":""},"class_list":["post-909","page","type-page","status-publish","hentry"],"uagb_featured_image_src":{"full":false,"thumbnail":false,"medium":false,"medium_large":false,"large":false,"1536x1536":false,"2048x2048":false,"trp-custom-language-flag":false,"ultp_layout_landscape_large":false,"ultp_layout_landscape":false,"ultp_layout_portrait":false,"ultp_layout_square":false},"uagb_author_info":{"display_name":"admin","author_link":"https:\/\/josemanuelcardiel.com\/fr\/author\/admin\/"},"uagb_comment_info":0,"uagb_excerpt":"&#8211; Oficina del Gobierno de Arag\u00f3n en Bruselas&nbsp; &#8211; Oficina Catedral La Seo Zaragoza &#8211; Palacio del Justicia de Arag\u00f3n. &#8211; Sede Radio Televisi\u00f3n Aragonesa &#8211; Sede Regional de la Organizaci\u00f3n Nacional de Ciegos en Arag\u00f3n &#8211; Consejer\u00eda de Sanidad del Gobierno de Arag\u00f3n &#8211; C\u00e1mara de Comercio de Zaragoza &#8211; Disminuidos F\u00edsicos de Arag\u00f3n\u2026","_links":{"self":[{"href":"https:\/\/josemanuelcardiel.com\/fr\/wp-json\/wp\/v2\/pages\/909","targetHints":{"allow":["GET"]}}],"collection":[{"href":"https:\/\/josemanuelcardiel.com\/fr\/wp-json\/wp\/v2\/pages"}],"about":[{"href":"https:\/\/josemanuelcardiel.com\/fr\/wp-json\/wp\/v2\/types\/page"}],"author":[{"embeddable":true,"href":"https:\/\/josemanuelcardiel.com\/fr\/wp-json\/wp\/v2\/users\/1"}],"replies":[{"embeddable":true,"href":"https:\/\/josemanuelcardiel.com\/fr\/wp-json\/wp\/v2\/comments?post=909"}],"version-history":[{"count":1,"href":"https:\/\/josemanuelcardiel.com\/fr\/wp-json\/wp\/v2\/pages\/909\/revisions"}],"predecessor-version":[{"id":1631,"href":"https:\/\/josemanuelcardiel.com\/fr\/wp-json\/wp\/v2\/pages\/909\/revisions\/1631"}],"wp:attachment":[{"href":"https:\/\/josemanuelcardiel.com\/fr\/wp-json\/wp\/v2\/media?parent=909"}],"curies":[{"name":"wp","href":"https:\/\/api.w.org\/{rel}","templated":true}]}}