{"id":331,"date":"2020-02-19T18:12:16","date_gmt":"2020-02-19T18:12:16","guid":{"rendered":"http:\/\/josemanuelcardiel.com\/?page_id=331"},"modified":"2024-01-22T11:20:44","modified_gmt":"2024-01-22T09:20:44","slug":"la-obra","status":"publish","type":"page","link":"https:\/\/josemanuelcardiel.com\/fr\/loeuvre\/","title":{"rendered":"L&#039;oeuvre"},"content":{"rendered":"<div class=\"wp-block-uagb-advanced-heading uagb-block-cdd1a07b\"><h2 class=\"uagb-heading-text\">COLLECTION VIERGE DEL PILAR<\/h2><div class=\"uagb-separator\"><\/div><p class=\"uagb-desc-text\">Les \u0153uvres de la &quot;Virgen del Pilar&quot; sont un hommage \u00e0 la patronne de Saragosse et d&#039;Hispanidad<\/p><\/div>\n\n\n\nngg_shortcode_0_placeholder\n\n\n\n<div class=\"wp-block-uagb-advanced-heading uagb-block-d33fbaa4\"><h2 class=\"uagb-heading-text\">GRANDE COLLECTION ABSTRAITE<\/h2><div class=\"uagb-separator\"><\/div><p class=\"uagb-desc-text\">Les \u0153uvres &quot;Great Abstract&quot; sont une collection grand format de 200x150 cm, avec montage de plusieurs toiles, cr\u00e9ant une impression tridimensionnelle et une grande profondeur.<\/p><\/div>\n\n\n\nngg_shortcode_1_placeholder\n\n\n\n<div class=\"wp-block-uagb-advanced-heading uagb-block-be09bd6d\"><h2 class=\"uagb-heading-text\"> COLLECTION DE SIGNES DU ZODIAQUE <\/h2><div class=\"uagb-separator\"><\/div><p class=\"uagb-desc-text\">La collection est compos\u00e9e de 12 toiles mesurant 100x150 cm. et s&#039;appuie sur les quatre \u00e9l\u00e9ments de la nature dans lesquels les signes du zodiaque sont encadr\u00e9s\u00a0: <em>Eau, Feu, Terre et Air<\/em> .<\/p><\/div>\n\n\n\nngg_shortcode_2_placeholder\n\n\n\n<div class=\"wp-block-uagb-buttons uagb-buttons__outer-wrap uagb-btn__default-btn uagb-btn-tablet__default-btn uagb-btn-mobile__default-btn uagb-block-4a203e89\"><div class=\"uagb-buttons__wrap uagb-buttons-layout-wrap\">\n<div class=\"wp-block-uagb-buttons-child uagb-buttons__outer-wrap uagb-block-6e56678e wp-block-button\"><div class=\"uagb-button__wrapper\"><a class=\"uagb-buttons-repeater wp-block-button__link\" href=\"https:\/\/josemanuelcardiel.com\/fr\/expositions-organisees\/\" rel=\"follow noopener\" target=\"_self\"><div class=\"uagb-button__link\">Voir les expositions<\/div><\/a><\/div><\/div>\n\n\n\n<div class=\"wp-block-uagb-buttons-child uagb-buttons__outer-wrap uagb-block-3a1483cc wp-block-button\"><div class=\"uagb-button__wrapper\"><a class=\"uagb-buttons-repeater wp-block-button__link\" href=\"https:\/\/josemanuelcardiel.com\/fr\/contact\/\" rel=\"follow noopener\" target=\"_self\"><div class=\"uagb-button__link\">Contactez moi<\/div><\/a><\/div><\/div>\n<\/div><\/div>\n\n\n\n<div class=\"wp-block-uagb-advanced-heading uagb-block-6b3b44c9\"><h2 class=\"uagb-heading-text\"> OEUVRES EN GRAND FORMAT<\/h2><div class=\"uagb-separator\"><\/div><p class=\"uagb-desc-text\">Fonctionne avec une largeur \u00e9gale ou sup\u00e9rieure \u00e0 180 centim\u00e8tres.<\/p><\/div>\n\n\n\nngg_shortcode_3_placeholder\n\n\n\n<div class=\"wp-block-uagb-advanced-heading uagb-block-b7cc4f45\"><h2 class=\"uagb-heading-text\">GRAND FORMAT JUSQU&#039;\u00c0 150 cm.<\/h2><div class=\"uagb-separator\"><\/div><p class=\"uagb-desc-text\">Fonctionne de 100 \u00e0 180 centim\u00e8tres de large.<\/p><\/div>\n\n\n\nngg_shortcode_4_placeholder\n\n\n\n<div class=\"wp-block-uagb-advanced-heading uagb-block-22e2a2f1\"><h2 class=\"uagb-heading-text\">OEUVRES EN MOYEN FORMAT<\/h2><div class=\"uagb-separator\"><\/div><p class=\"uagb-desc-text\">Fonctionne de 80 \u00e0 100 cm. large.<\/p><\/div>\n\n\n\nngg_shortcode_5_placeholder\n\n\n\n<div class=\"wp-block-uagb-advanced-heading uagb-block-cf18d661\"><h2 class=\"uagb-heading-text\">OEUVRES EN PETIT FORMAT<\/h2><div class=\"uagb-separator\"><\/div><p class=\"uagb-desc-text\">Fonctionne jusqu&#039;\u00e0 80 cm. large.<\/p><\/div>\n\n\n\nngg_shortcode_6_placeholder\n\n\n\n<div class=\"wp-block-uagb-buttons uagb-buttons__outer-wrap uagb-btn__default-btn uagb-btn-tablet__default-btn uagb-btn-mobile__default-btn uagb-block-5d540222\"><div class=\"uagb-buttons__wrap uagb-buttons-layout-wrap\">\n<div class=\"wp-block-uagb-buttons-child uagb-buttons__outer-wrap uagb-block-5ed555bb wp-block-button\"><div class=\"uagb-button__wrapper\"><a class=\"uagb-buttons-repeater wp-block-button__link\" href=\"https:\/\/josemanuelcardiel.com\/fr\/expositions-organisees\/\" rel=\"follow noopener\" target=\"_self\"><div class=\"uagb-button__link\">Voir les expositions<\/div><\/a><\/div><\/div>\n\n\n\n<div class=\"wp-block-uagb-buttons-child uagb-buttons__outer-wrap uagb-block-04c835ba wp-block-button\"><div class=\"uagb-button__wrapper\"><a class=\"uagb-buttons-repeater wp-block-button__link\" href=\"https:\/\/josemanuelcardiel.com\/fr\/contact\/\" rel=\"follow noopener\" target=\"_self\"><div class=\"uagb-button__link\">Contactez moi<\/div><\/a><\/div><\/div>\n<\/div><\/div>","protected":false},"excerpt":{"rendered":"<p>COLLECTION VIERGE DU PILIER Les \u0153uvres \u00ab Vierge du Pilier \u00bb sont un hommage \u00e0 la sainte patronne de Saragosse et de l&#039;Am\u00e9rique hispanique. GRANDE COLLECTION ABSTRAITE Les \u0153uvres \u00ab Gran Abstracto \u00bb sont une collection grand format de 200x150 cm, avec un montage de plusieurs toiles, cr\u00e9ant une impression de trois dimensions et de grande profondeur. COLLECTION SIGNES DU ZODIAQUE La collection est compos\u00e9e de 12 toiles de 100x150 cm et est bas\u00e9e sur les quatre \u00e9l\u00e9ments de la nature qui encadrent les signes du zodiaque : l&#039;Eau, le Feu, la Terre et l&#039;Air. \u0152UVRES GRAND FORMAT \u0152uvres d&#039;une largeur \u00e9gale ou sup\u00e9rieure \u00e0 180 centim\u00e8tres. GRAND FORMAT JUSQU&#039;\u00c0 150 cm. \u0152uvres de 100 \u00e0 180 centim\u00e8tres de large. \u0152UVRES MOYEN FORMAT \u0152uvres de 80 \u00e0 100 cm de large. \u0152UVRES PETIT FORMAT \u0152uvres jusqu&#039;\u00e0 80 cm de large.<\/p>","protected":false},"author":1,"featured_media":0,"parent":0,"menu_order":0,"comment_status":"closed","ping_status":"closed","template":"","meta":{"_uag_custom_page_level_css":"","site-sidebar-layout":"default","site-content-layout":"","ast-site-content-layout":"default","site-content-style":"default","site-sidebar-style":"default","ast-global-header-display":"","ast-banner-title-visibility":"","ast-main-header-display":"","ast-hfb-above-header-display":"","ast-hfb-below-header-display":"","ast-hfb-mobile-header-display":"","site-post-title":"disabled","ast-breadcrumbs-content":"","ast-featured-img":"","footer-sml-layout":"","ast-disable-related-posts":"","theme-transparent-header-meta":"","adv-header-id-meta":"","stick-header-meta":"","header-above-stick-meta":"","header-main-stick-meta":"","header-below-stick-meta":"","astra-migrate-meta-layouts":"set","ast-page-background-enabled":"default","ast-page-background-meta":{"desktop":{"background-color":"var(--ast-global-color-4)","background-image":"","background-repeat":"repeat","background-position":"center center","background-size":"auto","background-attachment":"scroll","background-type":"","background-media":"","overlay-type":"","overlay-color":"","overlay-opacity":"","overlay-gradient":""},"tablet":{"background-color":"","background-image":"","background-repeat":"repeat","background-position":"center center","background-size":"auto","background-attachment":"scroll","background-type":"","background-media":"","overlay-type":"","overlay-color":"","overlay-opacity":"","overlay-gradient":""},"mobile":{"background-color":"","background-image":"","background-repeat":"repeat","background-position":"center center","background-size":"auto","background-attachment":"scroll","background-type":"","background-media":"","overlay-type":"","overlay-color":"","overlay-opacity":"","overlay-gradient":""}},"ast-content-background-meta":{"desktop":{"background-color":"var(--ast-global-color-5)","background-image":"","background-repeat":"repeat","background-position":"center center","background-size":"auto","background-attachment":"scroll","background-type":"","background-media":"","overlay-type":"","overlay-color":"","overlay-opacity":"","overlay-gradient":""},"tablet":{"background-color":"var(--ast-global-color-5)","background-image":"","background-repeat":"repeat","background-position":"center center","background-size":"auto","background-attachment":"scroll","background-type":"","background-media":"","overlay-type":"","overlay-color":"","overlay-opacity":"","overlay-gradient":""},"mobile":{"background-color":"var(--ast-global-color-5)","background-image":"","background-repeat":"repeat","background-position":"center center","background-size":"auto","background-attachment":"scroll","background-type":"","background-media":"","overlay-type":"","overlay-color":"","overlay-opacity":"","overlay-gradient":""}},"ngg_post_thumbnail":0,"footnotes":""},"class_list":["post-331","page","type-page","status-publish","hentry"],"uagb_featured_image_src":{"full":false,"thumbnail":false,"medium":false,"medium_large":false,"large":false,"1536x1536":false,"2048x2048":false,"trp-custom-language-flag":false,"ultp_layout_landscape_large":false,"ultp_layout_landscape":false,"ultp_layout_portrait":false,"ultp_layout_square":false},"uagb_author_info":{"display_name":"admin","author_link":"https:\/\/josemanuelcardiel.com\/fr\/author\/admin\/"},"uagb_comment_info":0,"uagb_excerpt":"COLECCI\u00d3N VIRGEN DEL PILAR Las obras \u00abVirgen del Pilar\u00bb son homenaje a la patrona de Zaragoza y de la Hispanidad COLECCI\u00d3N GRAN ABSTRACTO Las obras \u00abGran Abstracto\u00bb son una colecci\u00f3n de gran formato 200&#215;150 cm, con montaje de varios lienzos, creando una impresi\u00f3n de tercera dimensi\u00f3n y gran profundidad. COLECCI\u00d3N SIGNOS DEL ZOD\u00cdACO La colecci\u00f3n\u2026","_links":{"self":[{"href":"https:\/\/josemanuelcardiel.com\/fr\/wp-json\/wp\/v2\/pages\/331","targetHints":{"allow":["GET"]}}],"collection":[{"href":"https:\/\/josemanuelcardiel.com\/fr\/wp-json\/wp\/v2\/pages"}],"about":[{"href":"https:\/\/josemanuelcardiel.com\/fr\/wp-json\/wp\/v2\/types\/page"}],"author":[{"embeddable":true,"href":"https:\/\/josemanuelcardiel.com\/fr\/wp-json\/wp\/v2\/users\/1"}],"replies":[{"embeddable":true,"href":"https:\/\/josemanuelcardiel.com\/fr\/wp-json\/wp\/v2\/comments?post=331"}],"version-history":[{"count":1,"href":"https:\/\/josemanuelcardiel.com\/fr\/wp-json\/wp\/v2\/pages\/331\/revisions"}],"predecessor-version":[{"id":1654,"href":"https:\/\/josemanuelcardiel.com\/fr\/wp-json\/wp\/v2\/pages\/331\/revisions\/1654"}],"wp:attachment":[{"href":"https:\/\/josemanuelcardiel.com\/fr\/wp-json\/wp\/v2\/media?parent=331"}],"curies":[{"name":"wp","href":"https:\/\/api.w.org\/{rel}","templated":true}]}}