{"id":30,"date":"2020-02-19T10:46:41","date_gmt":"2020-02-19T10:46:41","guid":{"rendered":"http:\/\/josemanuelcardiel.com\/?page_id=30"},"modified":"2024-01-22T11:14:00","modified_gmt":"2024-01-22T09:14:00","slug":"expresionismo-abstracto","status":"publish","type":"page","link":"https:\/\/josemanuelcardiel.com\/fr\/expressionisme-abstrait\/","title":{"rendered":"Jos\u00e9 Manuel Cardiel"},"content":{"rendered":"<main class=\"wp-block-uagb-container uagb-block-3ce38d71 alignfull uagb-is-root-container\"><div class=\"uagb-container-inner-blocks-wrap\">\n<figure class=\"wp-block-image alignfull size-full\"><img loading=\"lazy\" decoding=\"async\" width=\"1296\" height=\"864\" src=\"http:\/\/josemanuelcardiel.com\/wp-content\/uploads\/2020\/02\/PORTADAcardiel.jpg\" alt=\"Portrait Jos\u00e9 Manuel Cardiel\" class=\"wp-image-31\" srcset=\"https:\/\/josemanuelcardiel.com\/wp-content\/uploads\/2020\/02\/PORTADAcardiel.jpg 1296w, https:\/\/josemanuelcardiel.com\/wp-content\/uploads\/2020\/02\/PORTADAcardiel-300x200.jpg 300w, https:\/\/josemanuelcardiel.com\/wp-content\/uploads\/2020\/02\/PORTADAcardiel-1024x683.jpg 1024w, https:\/\/josemanuelcardiel.com\/wp-content\/uploads\/2020\/02\/PORTADAcardiel-768x512.jpg 768w\" sizes=\"auto, (max-width: 1296px) 100vw, 1296px\" \/><\/figure>\n\n\n\n<h1 class=\"wp-block-heading\">Jos\u00e9 Manuel Cardiel<\/h1>\n\n\n\n<p><strong><em>Jos\u00e9 Manuel Cardiel P\u00e9rez<\/em><\/strong>\u00a0N\u00e9 \u00e0 Logro\u00f1o le 25 mars 1958. Dipl\u00f4m\u00e9 en M\u00e9decine et Chirurgie en 1981. Sp\u00e9cialiste en Stomatologie depuis 1984, exerce professionnellement \u00e0 Saragosse depuis 1984.<br>Homme aux multiples facettes et polyvalent. Jos\u00e9 Manuel Cardiel est une personne tr\u00e8s agit\u00e9e, il a \u00e9crit deux livres et dirige la revue m\u00e9dicale Salus Semper, qui a remport\u00e9 le prix SANITARIA 2000 pour la gestion des connaissances. Il est actuellement vice-pr\u00e9sident du Coll\u00e8ge des m\u00e9decins de Saragosse et consul honoraire de la R\u00e9publique du Honduras en Aragon.<br><br>Son r\u00f4le de peintre d\u00e9bute en 1990. Il peint depuis plus de trente ans. Peintre autodidacte, avec plus de trois cent cinquante tableaux dans son \u0153uvre totale. Sa peinture s&#039;inscrit dans l&#039;expressionnisme abstrait typique du mouvement pictural de Willem De Kooning et Jackson Pollock, caract\u00e9ris\u00e9 par le jet, l&#039;\u00e9claboussement, le versement et le ruissellement sur toile. Il se d\u00e9finit comme un tableau avec une grande ma\u00eetrise de la couleur et de la lumi\u00e8re dans tous les tableaux. Chaque toile refl\u00e8te un sentiment et une humeur. Il appartient \u00e0 la Soci\u00e9t\u00e9 Espagnole des Peintres et Sculpteurs AEPE. <\/p>\n\n\n\n<h2 class=\"wp-block-heading\">Technique et style expressionniste abstrait<\/h2>\n\n\n\n<p>C&#039;est une peinture abstraite et vigoureuse, d&#039;une grande densit\u00e9 et tr\u00e8s intense d&#039;un point de vue chromatique. Le pigment, appliqu\u00e9 sauvagement en \u00e9paisses couches de peinture avec une concentration destin\u00e9e exclusivement \u00e0 l&#039;acte cr\u00e9ateur sans pr\u00e9d\u00e9terminer son r\u00e9sultat.<br>La technique combine le mouvement du corps avec le flux visqueux de la peinture, la force de gravit\u00e9 et la toile. des mouvements autour de la toile comme une danse jusqu&#039;\u00e0 voir et comprendre que l&#039;\u0153uvre est termin\u00e9e. La surface du tableau est un champ ouvert sans limites.<br>Jeter, \u00e9clabousser, verser et couler sur la toile\u00a0; ma\u00eetrise de la couleur et de la lumi\u00e8re. Chaque tableau refl\u00e8te un sentiment.<\/p>\n\n\n\n<p><\/p>\n\n\n\n<div class=\"wp-block-uagb-buttons uagb-buttons__outer-wrap uagb-btn__default-btn uagb-btn-tablet__default-btn uagb-btn-mobile__default-btn uagb-block-924bfbca\"><div class=\"uagb-buttons__wrap uagb-buttons-layout-wrap\">\n<div class=\"wp-block-uagb-buttons-child uagb-buttons__outer-wrap uagb-block-a9d78819 wp-block-button\"><div class=\"uagb-button__wrapper\"><a class=\"uagb-buttons-repeater wp-block-button__link\" href=\"https:\/\/josemanuelcardiel.com\/fr\/loeuvre\/\" onclick=\"return true;\" rel=\"follow noopener\" target=\"_self\"><div class=\"uagb-button__link\">Visitez l&#039;\u0153uvre<\/div><\/a><\/div><\/div>\n\n\n\n<div class=\"wp-block-uagb-buttons-child uagb-buttons__outer-wrap uagb-block-ee3461c3 wp-block-button\"><div class=\"uagb-button__wrapper\"><a class=\"uagb-buttons-repeater wp-block-button__link\" href=\"https:\/\/josemanuelcardiel.com\/fr\/contact\/\" onclick=\"return true;\" rel=\"follow noopener\" target=\"_self\"><div class=\"uagb-button__link\">Contactez moi<\/div><\/a><\/div><\/div>\n<\/div><\/div>\n<\/div><\/main>","protected":false},"excerpt":{"rendered":"<p>Jos\u00e9 Manuel Cardiel Jos\u00e9 Manuel Cardiel P\u00e9rez\u00a0nace en Logro\u00f1o un 25 de marzo de 1958. Licenciado en Medicina y Cirug\u00eda en 1981. Especialista en Estomatolog\u00eda desde 1984, con consulta profesional privada en Zaragoza desde 1984.Hombre polifac\u00e9tico y vers\u00e1til. Jos\u00e9 Manuel Cardiel es una persona muy inquieta, ha escrito dos libros y dirige la Revista M\u00e9dica Salus Semper que obtuvo el premio SANITARIA 2000 por gesti\u00f3n del conocimiento. En la actualidad es Vicepresidente del Colegio de M\u00e9dicos de Zaragoza y C\u00f3nsul Honorario de la Rep\u00fablica de Honduras en Arag\u00f3n. Su faceta como pintor comenz\u00f3 en el a\u00f1o 1990. Lleva m\u00e1s de treinta a\u00f1os pintando. Pintor autodidacta, con m\u00e1s de trescientos cincuenta cuadros en el conjunto de su obra. Su pintura se enmarca en el expresionismo abstracto propio del movimiento pict\u00f3rico de Willem De Kooning y de Jackson Pollock, caracterizado en arrojar, salpicar, verter y gotear sobre lienzo. Se define como una pintura con un gran dominio del color y de la luz en todos los cuadros. Cada lienzo refleja un sentimiento y un estado de \u00e1nimo. Pertenece a la Sociedad Espa\u00f1ola de Pintores y Escultores AEPE. La t\u00e9cnica y el estilo expresionista abstracto Es una pintura abstracta y vigorosa, de gran [&hellip;]<\/p>\n","protected":false},"author":1,"featured_media":0,"parent":0,"menu_order":0,"comment_status":"closed","ping_status":"closed","template":"","meta":{"_uag_custom_page_level_css":"","site-sidebar-layout":"default","site-content-layout":"","ast-site-content-layout":"default","site-content-style":"default","site-sidebar-style":"default","ast-global-header-display":"","ast-banner-title-visibility":"","ast-main-header-display":"","ast-hfb-above-header-display":"","ast-hfb-below-header-display":"","ast-hfb-mobile-header-display":"","site-post-title":"disabled","ast-breadcrumbs-content":"","ast-featured-img":"","footer-sml-layout":"","ast-disable-related-posts":"","theme-transparent-header-meta":"","adv-header-id-meta":"","stick-header-meta":"","header-above-stick-meta":"","header-main-stick-meta":"","header-below-stick-meta":"","astra-migrate-meta-layouts":"set","ast-page-background-enabled":"default","ast-page-background-meta":{"desktop":{"background-color":"var(--ast-global-color-4)","background-image":"","background-repeat":"repeat","background-position":"center center","background-size":"auto","background-attachment":"scroll","background-type":"","background-media":"","overlay-type":"","overlay-color":"","overlay-opacity":"","overlay-gradient":""},"tablet":{"background-color":"","background-image":"","background-repeat":"repeat","background-position":"center center","background-size":"auto","background-attachment":"scroll","background-type":"","background-media":"","overlay-type":"","overlay-color":"","overlay-opacity":"","overlay-gradient":""},"mobile":{"background-color":"","background-image":"","background-repeat":"repeat","background-position":"center center","background-size":"auto","background-attachment":"scroll","background-type":"","background-media":"","overlay-type":"","overlay-color":"","overlay-opacity":"","overlay-gradient":""}},"ast-content-background-meta":{"desktop":{"background-color":"var(--ast-global-color-5)","background-image":"","background-repeat":"repeat","background-position":"center center","background-size":"auto","background-attachment":"scroll","background-type":"","background-media":"","overlay-type":"","overlay-color":"","overlay-opacity":"","overlay-gradient":""},"tablet":{"background-color":"var(--ast-global-color-5)","background-image":"","background-repeat":"repeat","background-position":"center center","background-size":"auto","background-attachment":"scroll","background-type":"","background-media":"","overlay-type":"","overlay-color":"","overlay-opacity":"","overlay-gradient":""},"mobile":{"background-color":"var(--ast-global-color-5)","background-image":"","background-repeat":"repeat","background-position":"center center","background-size":"auto","background-attachment":"scroll","background-type":"","background-media":"","overlay-type":"","overlay-color":"","overlay-opacity":"","overlay-gradient":""}},"ngg_post_thumbnail":0,"footnotes":""},"class_list":["post-30","page","type-page","status-publish","hentry"],"uagb_featured_image_src":{"full":false,"thumbnail":false,"medium":false,"medium_large":false,"large":false,"1536x1536":false,"2048x2048":false,"trp-custom-language-flag":false,"ultp_layout_landscape_large":false,"ultp_layout_landscape":false,"ultp_layout_portrait":false,"ultp_layout_square":false},"uagb_author_info":{"display_name":"admin","author_link":"https:\/\/josemanuelcardiel.com\/fr\/author\/admin\/"},"uagb_comment_info":0,"uagb_excerpt":"Jos\u00e9 Manuel Cardiel Jos\u00e9 Manuel Cardiel P\u00e9rez\u00a0nace en Logro\u00f1o un 25 de marzo de 1958. Licenciado en Medicina y Cirug\u00eda en 1981. Especialista en Estomatolog\u00eda desde 1984, con consulta profesional privada en Zaragoza desde 1984.Hombre polifac\u00e9tico y vers\u00e1til. Jos\u00e9 Manuel Cardiel es una persona muy inquieta, ha escrito dos libros y dirige la Revista M\u00e9dica\u2026","_links":{"self":[{"href":"https:\/\/josemanuelcardiel.com\/fr\/wp-json\/wp\/v2\/pages\/30","targetHints":{"allow":["GET"]}}],"collection":[{"href":"https:\/\/josemanuelcardiel.com\/fr\/wp-json\/wp\/v2\/pages"}],"about":[{"href":"https:\/\/josemanuelcardiel.com\/fr\/wp-json\/wp\/v2\/types\/page"}],"author":[{"embeddable":true,"href":"https:\/\/josemanuelcardiel.com\/fr\/wp-json\/wp\/v2\/users\/1"}],"replies":[{"embeddable":true,"href":"https:\/\/josemanuelcardiel.com\/fr\/wp-json\/wp\/v2\/comments?post=30"}],"version-history":[{"count":7,"href":"https:\/\/josemanuelcardiel.com\/fr\/wp-json\/wp\/v2\/pages\/30\/revisions"}],"predecessor-version":[{"id":1648,"href":"https:\/\/josemanuelcardiel.com\/fr\/wp-json\/wp\/v2\/pages\/30\/revisions\/1648"}],"wp:attachment":[{"href":"https:\/\/josemanuelcardiel.com\/fr\/wp-json\/wp\/v2\/media?parent=30"}],"curies":[{"name":"wp","href":"https:\/\/api.w.org\/{rel}","templated":true}]}}