{"id":909,"date":"2020-03-16T17:23:45","date_gmt":"2020-03-16T17:23:45","guid":{"rendered":"http:\/\/josemanuelcardiel.com\/?page_id=909"},"modified":"2021-10-22T15:54:51","modified_gmt":"2021-10-22T15:54:51","slug":"donde-encontrar-la-obra-de-cardiel","status":"publish","type":"page","link":"https:\/\/josemanuelcardiel.com\/en\/where-to-find-cardiels-work\/","title":{"rendered":"Exposed work, public and private"},"content":{"rendered":"<div class=\"wp-block-getwid-section alignfull alignfull getwid-section-content-full-width\"><div class=\"wp-block-getwid-section__wrapper\"><div class=\"wp-block-getwid-section__inner-wrapper\"><div class=\"wp-block-getwid-section__background-holder\"><div class=\"wp-block-getwid-section__background\"><\/div><div class=\"wp-block-getwid-section__foreground\"><\/div><\/div><div class=\"wp-block-getwid-section__content\"><div class=\"wp-block-getwid-section__inner-content\">\n<div class=\"wp-block-image\"><figure class=\"aligncenter size-large\"><img loading=\"lazy\" decoding=\"async\" width=\"1200\" height=\"301\" src=\"https:\/\/i2.wp.com\/josemanuelcardiel.com\/wp-content\/uploads\/2020\/03\/transforming300.jpeg?fit=1024%2C257&amp;ssl=1\" alt=\"\" class=\"wp-image-927\" srcset=\"https:\/\/josemanuelcardiel.com\/wp-content\/uploads\/2020\/03\/transforming300.jpeg 1200w, https:\/\/josemanuelcardiel.com\/wp-content\/uploads\/2020\/03\/transforming300-300x75.jpeg 300w, https:\/\/josemanuelcardiel.com\/wp-content\/uploads\/2020\/03\/transforming300-1024x257.jpeg 1024w, https:\/\/josemanuelcardiel.com\/wp-content\/uploads\/2020\/03\/transforming300-768x193.jpeg 768w\" sizes=\"auto, (max-width: 1200px) 100vw, 1200px\" \/><\/figure><\/div>\n\n\n\n<p class=\"has-text-align-center\">Part of my work is exhibited among others in these places:<\/p>\n\n\n\n<div class=\"wp-block-uagb-advanced-heading uagb-block-965b658a\"><h2 class=\"uagb-heading-text\">Latest exhibitions<\/h2><div class=\"uagb-separator-wrap\"><div class=\"uagb-separator\"><\/div><\/div><p class=\"uagb-desc-text\">Work on permanent exhibition in the NATO headquarters building in Brussels<br>Work on permanent exhibition at the Zaragoza City Hall<\/p><\/div>\n<\/div><\/div><\/div><\/div><\/div>\n\n\n\n<figure class=\"wp-block-table\"><table class=\"has-fixed-layout\"><tbody><tr><td>\u2013 Office of the Government of Aragon in Brussels&nbsp;  <br>\u2013 La Seo Zaragoza Cathedral Office  <br>\u2013 Palace of Justice of Aragon.  <br>\u2013 Aragonese Radio Television Headquarters  <br>\u2013 Regional Headquarters of the National Organization of the Blind in Aragon  <br>\u2013 Ministry of Health of the Government of Aragon  <br>\u2013 Zaragoza Chamber of Commerce  <br>\u2013 Physically Handicapped of Aragon  <br>\u2013 CaixaForum Culture Directorate in Zaragoza  <br>\u2013 National Police, Central Judicial Group in Zaragoza  <br>\u2013 Zaragoza Fire Department. Medical address  <br>\u2013 Consulate of Belgium in Zaragoza  <br>\u2013 Consulate of Slovakia in Zaragoza  <br>\u2013 Consulate of Honduras in Zaragoza  <br>\u2013 Consulate of Romania in Bilbao  <br>\u2013 Consulate of Romania in Zaragoza  <br>\u2013 Dean of the Consular Corps. Consulate of Germany in Zaragoza <br>\u2013 Embassy of Honduras in Madrid  <br>\u2013 National Police Station, Information Brigade in Zaragoza  <br>\u2013 Churrasco Restaurant in Zaragoza<br>\u2013 Nola Grass Restaurant in Zaragoza  <br>\u2013 Or\u00edgenes Restaurant in Zaragoza  <br>\u2013 Adeslas Zaragoza head office  <br>\u2013 Bernar tax-labor consultancy in Zaragoza  <br>\u2013 Hidalgo Legal Advice  <br>\u2013 Phileos NGO Association  <br>\u2013 Seniors Network Association in Zaragoza  <br>\u2013 ICOMZ Training Center  <br>\u2013 \u00c1lvarez Mercadal Natural Therapies Center in Zaragoza  <br>\u2013 Adeslas Medical Center in Zaragoza  <br>\u2013 Rosa Cardiel Yoga Center in Zaragoza  <br>\u2013 Caixabank Office in Zaragoza  <br>\u2013 General Directorate of DFA in Zaragoza  <br>\u2013 Surgical direction of Cl\u00ednica Quir\u00f3n in Zaragoza.  <br>\u2013 Zaragoza Deanery of Medicine  <br>\u2013 College of dentists and stomatologists of Zaragoza   <br>\u2013 ICOMZ Medical College  <br>\u2013 Moliner Prosthetic Laboratory in Zaragoza&nbsp;<br>\u2013 La Salle Enea in Gip\u00fazcoa   <\/td><td>\u2013 Royal Academy of Medicine of Zaragoza  <br>\u2013 Movart Gallery in Madrid  <br>\u2013 Hotel Boston Zaragoza  <br>\u2013 Diagonal Plaza Hotel in Zaragoza  <br>\u2013 Hotel Ilunion Bilbao  <br>\u2013 Hotel Ilunion Zaragoza  <br>\u2013 Palafox Hotel in Zaragoza  <br>\u2013 Reina Petronila Hotel in Zaragoza  <br>\u2013 Zaragoza Clinical Hospital (traumatology)  <br>\u2013 Zaragoza Clinical Hospital (endoscopies)  <br>\u2013 Clinical Hospital of Zaragoza (Microbiology)  <br>\u2013 Lavinig Asisa Group Hospital (address) <br>\u2013 Miguel Servet Hospital in Zaragoza. Digestive Service  <br>\u2013 Provincial Hospital of Zaragoza  <br>\u2013 Blue Health Clinic in Madrid  <br>\u2013 Dra. Blasco Gynecology Clinic in Zaragoza  <br>\u2013 Dr. Albajar Dermatology Clinic  <br>\u2013 HLA Montpelier Clinic in Zaragoza  <br>\u2013 Quir\u00f3n Zaragoza Clinic  <br>\u2013 Dr. Ferrer Novella Ophthalmology Clinic  <br>\u2013 Gonz\u00e1lez Pescador Dermatological Consultation in Zaragoza  <br>\u2013 Medical consultation Dr. Portol\u00e9s  <br>\u2013 Radiological Consultation Dr. Gaya  <br>\u2013 Transplant Coordinator Dr. Eloy Tejero  <br>\u2013 Degree Room of the Faculty of Medicine of the University of Zaragoza  <br>\u2013 General Secretariat of the Zaragoza College of Physicians  <br>\u2013 Dr. Vall\u00e9s ENT Medical Polyclinic in Zaragoza  <br>\u2013 General Presidency of Asisa in Madrid  <br>\u2013 Asisa Zaragoza head office  <br>\u2013 Continente Antique Office in Zaragoza  <br>\u2013 Lape\u00f1a legal office in Zaragoza  <br>\u2013 Rived Law Office in Madrid  <br>\u2013 Vilad\u00e9s Legal Office  <br>\u2013 Dr. Cort\u00e9s Neurosurgery medical office in Zaragoza  <br>\u2013 Ilma. Vice-rector of the University of Zaragoza Ms. Yolanda Polo  <br>\u2013 Ilmo. President of the Zaragoza Nursing College  <br>\u2013 Ilmo. Pte of the College of Stomatologists of Zaragoza Dr. Rasal  <br> <\/td><\/tr><tr><td><\/td><td><\/td><\/tr><\/tbody><\/table><\/figure>\n\n\n\n<div class=\"wp-block-uagb-buttons uagb-buttons__outer-wrap uagb-block-8b6d5b23\"><div class=\"uagb-buttons__wrap uagb-buttons-layout-wrap\">\n<div class=\"wp-block-uagb-buttons-child uagb-buttons__outer-wrap uagb-block-ba6c5dea\"><div class=\"uagb-button__wrapper\"><a class=\"uagb-buttons-repeater\" href=\"https:\/\/josemanuelcardiel.com\/en\/the-work\/\" rel=\"noopener noreferrer\" target=\"_self\"><div class=\"uagb-button__link\">Visit the work<\/div><\/a><\/div><\/div>\n\n\n\n<div class=\"wp-block-uagb-buttons-child uagb-buttons__outer-wrap uagb-block-f7ce083e\"><div class=\"uagb-button__wrapper\"><a class=\"uagb-buttons-repeater\" href=\"https:\/\/josemanuelcardiel.com\/en\/the-work\/\" rel=\"noopener noreferrer\" target=\"_self\"><div class=\"uagb-button__link\">contact me<\/div><\/a><\/div><\/div>\n<\/div><\/div>\n\n\n\n<p><\/p>","protected":false},"excerpt":{"rendered":"<p>&#8211; Oficina del Gobierno de Arag\u00f3n en Bruselas&nbsp; &#8211; Oficina Catedral La Seo Zaragoza &#8211; Palacio del Justicia de Arag\u00f3n. &#8211; Sede Radio Televisi\u00f3n Aragonesa &#8211; Sede Regional de la Organizaci\u00f3n Nacional de Ciegos en Arag\u00f3n &#8211; Consejer\u00eda de Sanidad del Gobierno de Arag\u00f3n &#8211; C\u00e1mara de Comercio de Zaragoza &#8211; Disminuidos F\u00edsicos de Arag\u00f3n &#8211; Direcci\u00f3n de Cultura de CaixaForum en Zaragoza &#8211; Polic\u00eda Nacional, Grupo Judicial Centro en Zaragoza &#8211; Dpto. Bomberos de Zaragoza. Direcci\u00f3n m\u00e9dica &#8211; Consulado de B\u00e9lgica en Zaragoza &#8211; Consulado de Eslovaquia en Zaragoza &#8211; Consulado de Honduras en Zaragoza &#8211; Consulado de Ruman\u00eda en Bilbao &#8211; Consulado de Ruman\u00eda en Zaragoza &#8211; Decana del Cuerpo Consular. Consulado de Alemania en Zaragoza &#8211; Embajada de Honduras en Madrid &#8211; Comisar\u00eda Polic\u00eda nacional, Brigada de Informaci\u00f3n en Zaragoza &#8211; Restaurante Churrasco en Zaragoza&#8211; Restaurante Nola Grass en Zaragoza &#8211; Restaurante Or\u00edgenes de Zaragoza &#8211; Adeslas Oficina central de Zaragoza &#8211; Asesor\u00eda fiscal-laboral Bernar en Zaragoza &#8211; Asesor\u00eda Jur\u00eddica Hidalgo &#8211; Asociaci\u00f3n Phileos ONG &#8211; Asociaci\u00f3n Seniors en Red en Zaragoza &#8211; Centro de Formaci\u00f3n del ICOMZ &#8211; Centro de Terapias Naturales \u00c1lvarez Mercadal en Zaragoza &#8211; Centro M\u00e9dico de Adeslas en Zaragoza &#8211; Centro Yoga [&hellip;]<\/p>\n","protected":false},"author":1,"featured_media":0,"parent":0,"menu_order":0,"comment_status":"closed","ping_status":"closed","template":"","meta":{"_uag_custom_page_level_css":"","site-sidebar-layout":"default","site-content-layout":"default","ast-site-content-layout":"default","site-content-style":"default","site-sidebar-style":"default","ast-global-header-display":"","ast-banner-title-visibility":"","ast-main-header-display":"","ast-hfb-above-header-display":"","ast-hfb-below-header-display":"","ast-hfb-mobile-header-display":"","site-post-title":"","ast-breadcrumbs-content":"","ast-featured-img":"","footer-sml-layout":"","ast-disable-related-posts":"","theme-transparent-header-meta":"default","adv-header-id-meta":"","stick-header-meta":"default","header-above-stick-meta":"","header-main-stick-meta":"","header-below-stick-meta":"","astra-migrate-meta-layouts":"default","ast-page-background-enabled":"default","ast-page-background-meta":{"desktop":{"background-color":"var(--ast-global-color-4)","background-image":"","background-repeat":"repeat","background-position":"center center","background-size":"auto","background-attachment":"scroll","background-type":"","background-media":"","overlay-type":"","overlay-color":"","overlay-opacity":"","overlay-gradient":""},"tablet":{"background-color":"","background-image":"","background-repeat":"repeat","background-position":"center center","background-size":"auto","background-attachment":"scroll","background-type":"","background-media":"","overlay-type":"","overlay-color":"","overlay-opacity":"","overlay-gradient":""},"mobile":{"background-color":"","background-image":"","background-repeat":"repeat","background-position":"center center","background-size":"auto","background-attachment":"scroll","background-type":"","background-media":"","overlay-type":"","overlay-color":"","overlay-opacity":"","overlay-gradient":""}},"ast-content-background-meta":{"desktop":{"background-color":"var(--ast-global-color-5)","background-image":"","background-repeat":"repeat","background-position":"center center","background-size":"auto","background-attachment":"scroll","background-type":"","background-media":"","overlay-type":"","overlay-color":"","overlay-opacity":"","overlay-gradient":""},"tablet":{"background-color":"var(--ast-global-color-5)","background-image":"","background-repeat":"repeat","background-position":"center center","background-size":"auto","background-attachment":"scroll","background-type":"","background-media":"","overlay-type":"","overlay-color":"","overlay-opacity":"","overlay-gradient":""},"mobile":{"background-color":"var(--ast-global-color-5)","background-image":"","background-repeat":"repeat","background-position":"center center","background-size":"auto","background-attachment":"scroll","background-type":"","background-media":"","overlay-type":"","overlay-color":"","overlay-opacity":"","overlay-gradient":""}},"ngg_post_thumbnail":0,"footnotes":""},"class_list":["post-909","page","type-page","status-publish","hentry"],"uagb_featured_image_src":{"full":false,"thumbnail":false,"medium":false,"medium_large":false,"large":false,"1536x1536":false,"2048x2048":false,"trp-custom-language-flag":false,"ultp_layout_landscape_large":false,"ultp_layout_landscape":false,"ultp_layout_portrait":false,"ultp_layout_square":false},"uagb_author_info":{"display_name":"admin","author_link":"https:\/\/josemanuelcardiel.com\/en\/author\/admin\/"},"uagb_comment_info":0,"uagb_excerpt":"&#8211; Oficina del Gobierno de Arag\u00f3n en Bruselas&nbsp; &#8211; Oficina Catedral La Seo Zaragoza &#8211; Palacio del Justicia de Arag\u00f3n. &#8211; Sede Radio Televisi\u00f3n Aragonesa &#8211; Sede Regional de la Organizaci\u00f3n Nacional de Ciegos en Arag\u00f3n &#8211; Consejer\u00eda de Sanidad del Gobierno de Arag\u00f3n &#8211; C\u00e1mara de Comercio de Zaragoza &#8211; Disminuidos F\u00edsicos de Arag\u00f3n&hellip;","_links":{"self":[{"href":"https:\/\/josemanuelcardiel.com\/en\/wp-json\/wp\/v2\/pages\/909","targetHints":{"allow":["GET"]}}],"collection":[{"href":"https:\/\/josemanuelcardiel.com\/en\/wp-json\/wp\/v2\/pages"}],"about":[{"href":"https:\/\/josemanuelcardiel.com\/en\/wp-json\/wp\/v2\/types\/page"}],"author":[{"embeddable":true,"href":"https:\/\/josemanuelcardiel.com\/en\/wp-json\/wp\/v2\/users\/1"}],"replies":[{"embeddable":true,"href":"https:\/\/josemanuelcardiel.com\/en\/wp-json\/wp\/v2\/comments?post=909"}],"version-history":[{"count":1,"href":"https:\/\/josemanuelcardiel.com\/en\/wp-json\/wp\/v2\/pages\/909\/revisions"}],"predecessor-version":[{"id":1631,"href":"https:\/\/josemanuelcardiel.com\/en\/wp-json\/wp\/v2\/pages\/909\/revisions\/1631"}],"wp:attachment":[{"href":"https:\/\/josemanuelcardiel.com\/en\/wp-json\/wp\/v2\/media?parent=909"}],"curies":[{"name":"wp","href":"https:\/\/api.w.org\/{rel}","templated":true}]}}