{"id":331,"date":"2020-02-19T18:12:16","date_gmt":"2020-02-19T18:12:16","guid":{"rendered":"http:\/\/josemanuelcardiel.com\/?page_id=331"},"modified":"2024-01-22T11:20:44","modified_gmt":"2024-01-22T09:20:44","slug":"la-obra","status":"publish","type":"page","link":"https:\/\/josemanuelcardiel.com\/en\/the-work\/","title":{"rendered":"Work"},"content":{"rendered":"<div class=\"wp-block-uagb-advanced-heading uagb-block-cdd1a07b\"><h2 class=\"uagb-heading-text\">VIRGIN DEL PILAR COLLECTION<\/h2><div class=\"uagb-separator\"><\/div><p class=\"uagb-desc-text\">The &quot;Virgen del Pilar&quot; works are a tribute to the patron saint of Zaragoza and Hispanidad<\/p><\/div>\n\n\n\nngg_shortcode_0_placeholder\n\n\n\n<div class=\"wp-block-uagb-advanced-heading uagb-block-d33fbaa4\"><h2 class=\"uagb-heading-text\">GREAT ABSTRACT COLLECTION<\/h2><div class=\"uagb-separator\"><\/div><p class=\"uagb-desc-text\">The &quot;Great Abstract&quot; works are a large-format collection of 200x150 cm, with mounting of several canvases, creating a third-dimensional impression and great depth.<\/p><\/div>\n\n\n\nngg_shortcode_1_placeholder\n\n\n\n<div class=\"wp-block-uagb-advanced-heading uagb-block-be09bd6d\"><h2 class=\"uagb-heading-text\"> ZODIAC SIGNS COLLECTION <\/h2><div class=\"uagb-separator\"><\/div><p class=\"uagb-desc-text\">The collection is made up of 12 canvases measuring 100x150 cm. and is based on the four elements of nature in which the signs of the zodiac are framed: <em>Water, Fire, Earth and Air<\/em> .<\/p><\/div>\n\n\n\nngg_shortcode_2_placeholder\n\n\n\n<div class=\"wp-block-uagb-buttons uagb-buttons__outer-wrap uagb-btn__default-btn uagb-btn-tablet__default-btn uagb-btn-mobile__default-btn uagb-block-4a203e89\"><div class=\"uagb-buttons__wrap uagb-buttons-layout-wrap\">\n<div class=\"wp-block-uagb-buttons-child uagb-buttons__outer-wrap uagb-block-6e56678e wp-block-button\"><div class=\"uagb-button__wrapper\"><a class=\"uagb-buttons-repeater wp-block-button__link\" href=\"https:\/\/josemanuelcardiel.com\/en\/exhibitions-held\/\" rel=\"follow noopener\" target=\"_self\"><div class=\"uagb-button__link\">See the exhibitions<\/div><\/a><\/div><\/div>\n\n\n\n<div class=\"wp-block-uagb-buttons-child uagb-buttons__outer-wrap uagb-block-3a1483cc wp-block-button\"><div class=\"uagb-button__wrapper\"><a class=\"uagb-buttons-repeater wp-block-button__link\" href=\"https:\/\/josemanuelcardiel.com\/en\/contact\/\" rel=\"follow noopener\" target=\"_self\"><div class=\"uagb-button__link\">contact me<\/div><\/a><\/div><\/div>\n<\/div><\/div>\n\n\n\n<div class=\"wp-block-uagb-advanced-heading uagb-block-6b3b44c9\"><h2 class=\"uagb-heading-text\"> WORKS IN LARGE FORMAT<\/h2><div class=\"uagb-separator\"><\/div><p class=\"uagb-desc-text\">Works with a width equal to or greater than 180 centimeters.<\/p><\/div>\n\n\n\nngg_shortcode_3_placeholder\n\n\n\n<div class=\"wp-block-uagb-advanced-heading uagb-block-b7cc4f45\"><h2 class=\"uagb-heading-text\">LARGE FORMAT UP TO 150 cm.<\/h2><div class=\"uagb-separator\"><\/div><p class=\"uagb-desc-text\">Works from 100 to 180 centimeters wide.<\/p><\/div>\n\n\n\nngg_shortcode_4_placeholder\n\n\n\n<div class=\"wp-block-uagb-advanced-heading uagb-block-22e2a2f1\"><h2 class=\"uagb-heading-text\">WORKS IN MEDIUM FORMAT<\/h2><div class=\"uagb-separator\"><\/div><p class=\"uagb-desc-text\">Works from 80 to 100 cm. Wide.<\/p><\/div>\n\n\n\nngg_shortcode_5_placeholder\n\n\n\n<div class=\"wp-block-uagb-advanced-heading uagb-block-cf18d661\"><h2 class=\"uagb-heading-text\">WORKS IN SMALL FORMAT<\/h2><div class=\"uagb-separator\"><\/div><p class=\"uagb-desc-text\">Works up to 80 cm. Wide.<\/p><\/div>\n\n\n\nngg_shortcode_6_placeholder\n\n\n\n<div class=\"wp-block-uagb-buttons uagb-buttons__outer-wrap uagb-btn__default-btn uagb-btn-tablet__default-btn uagb-btn-mobile__default-btn uagb-block-5d540222\"><div class=\"uagb-buttons__wrap uagb-buttons-layout-wrap\">\n<div class=\"wp-block-uagb-buttons-child uagb-buttons__outer-wrap uagb-block-5ed555bb wp-block-button\"><div class=\"uagb-button__wrapper\"><a class=\"uagb-buttons-repeater wp-block-button__link\" href=\"https:\/\/josemanuelcardiel.com\/en\/exhibitions-held\/\" rel=\"follow noopener\" target=\"_self\"><div class=\"uagb-button__link\">See the exhibitions<\/div><\/a><\/div><\/div>\n\n\n\n<div class=\"wp-block-uagb-buttons-child uagb-buttons__outer-wrap uagb-block-04c835ba wp-block-button\"><div class=\"uagb-button__wrapper\"><a class=\"uagb-buttons-repeater wp-block-button__link\" href=\"https:\/\/josemanuelcardiel.com\/en\/contact\/\" rel=\"follow noopener\" target=\"_self\"><div class=\"uagb-button__link\">contact me<\/div><\/a><\/div><\/div>\n<\/div><\/div>","protected":false},"excerpt":{"rendered":"<p>VIRGIN OF THE PILLAR COLLECTION The works &quot;Virgin of the Pillar&quot; are a tribute to the patron saint of Zaragoza and of Hispanic America. LARGE ABSTRACT COLLECTION The works &quot;Gran Abstracto&quot; are a large-format collection of 200x150 cm, with a montage of several canvases, creating an impression of three dimensions and great depth. ZODIAC SIGNS COLLECTION The collection is made up of 12 canvases of 100x150 cm and is based on the four elements of nature that frame the signs of the zodiac: Water, Fire, Earth and Air. LARGE FORMAT WORKS Works with a width equal to or greater than 180 centimeters. LARGE FORMAT UP TO 150 cm. Works from 100 to 180 centimeters wide. MEDIUM FORMAT WORKS Works from 80 to 100 cm wide. SMALL FORMAT WORKS Works up to 80 cm wide.<\/p>","protected":false},"author":1,"featured_media":0,"parent":0,"menu_order":0,"comment_status":"closed","ping_status":"closed","template":"","meta":{"_uag_custom_page_level_css":"","site-sidebar-layout":"default","site-content-layout":"","ast-site-content-layout":"default","site-content-style":"default","site-sidebar-style":"default","ast-global-header-display":"","ast-banner-title-visibility":"","ast-main-header-display":"","ast-hfb-above-header-display":"","ast-hfb-below-header-display":"","ast-hfb-mobile-header-display":"","site-post-title":"disabled","ast-breadcrumbs-content":"","ast-featured-img":"","footer-sml-layout":"","ast-disable-related-posts":"","theme-transparent-header-meta":"","adv-header-id-meta":"","stick-header-meta":"","header-above-stick-meta":"","header-main-stick-meta":"","header-below-stick-meta":"","astra-migrate-meta-layouts":"set","ast-page-background-enabled":"default","ast-page-background-meta":{"desktop":{"background-color":"var(--ast-global-color-4)","background-image":"","background-repeat":"repeat","background-position":"center center","background-size":"auto","background-attachment":"scroll","background-type":"","background-media":"","overlay-type":"","overlay-color":"","overlay-opacity":"","overlay-gradient":""},"tablet":{"background-color":"","background-image":"","background-repeat":"repeat","background-position":"center center","background-size":"auto","background-attachment":"scroll","background-type":"","background-media":"","overlay-type":"","overlay-color":"","overlay-opacity":"","overlay-gradient":""},"mobile":{"background-color":"","background-image":"","background-repeat":"repeat","background-position":"center center","background-size":"auto","background-attachment":"scroll","background-type":"","background-media":"","overlay-type":"","overlay-color":"","overlay-opacity":"","overlay-gradient":""}},"ast-content-background-meta":{"desktop":{"background-color":"var(--ast-global-color-5)","background-image":"","background-repeat":"repeat","background-position":"center center","background-size":"auto","background-attachment":"scroll","background-type":"","background-media":"","overlay-type":"","overlay-color":"","overlay-opacity":"","overlay-gradient":""},"tablet":{"background-color":"var(--ast-global-color-5)","background-image":"","background-repeat":"repeat","background-position":"center center","background-size":"auto","background-attachment":"scroll","background-type":"","background-media":"","overlay-type":"","overlay-color":"","overlay-opacity":"","overlay-gradient":""},"mobile":{"background-color":"var(--ast-global-color-5)","background-image":"","background-repeat":"repeat","background-position":"center center","background-size":"auto","background-attachment":"scroll","background-type":"","background-media":"","overlay-type":"","overlay-color":"","overlay-opacity":"","overlay-gradient":""}},"ngg_post_thumbnail":0,"footnotes":""},"class_list":["post-331","page","type-page","status-publish","hentry"],"uagb_featured_image_src":{"full":false,"thumbnail":false,"medium":false,"medium_large":false,"large":false,"1536x1536":false,"2048x2048":false,"trp-custom-language-flag":false,"ultp_layout_landscape_large":false,"ultp_layout_landscape":false,"ultp_layout_portrait":false,"ultp_layout_square":false},"uagb_author_info":{"display_name":"admin","author_link":"https:\/\/josemanuelcardiel.com\/en\/author\/admin\/"},"uagb_comment_info":0,"uagb_excerpt":"COLECCI\u00d3N VIRGEN DEL PILAR Las obras \u00abVirgen del Pilar\u00bb son homenaje a la patrona de Zaragoza y de la Hispanidad COLECCI\u00d3N GRAN ABSTRACTO Las obras \u00abGran Abstracto\u00bb son una colecci\u00f3n de gran formato 200&#215;150 cm, con montaje de varios lienzos, creando una impresi\u00f3n de tercera dimensi\u00f3n y gran profundidad. COLECCI\u00d3N SIGNOS DEL ZOD\u00cdACO La colecci\u00f3n&hellip;","_links":{"self":[{"href":"https:\/\/josemanuelcardiel.com\/en\/wp-json\/wp\/v2\/pages\/331","targetHints":{"allow":["GET"]}}],"collection":[{"href":"https:\/\/josemanuelcardiel.com\/en\/wp-json\/wp\/v2\/pages"}],"about":[{"href":"https:\/\/josemanuelcardiel.com\/en\/wp-json\/wp\/v2\/types\/page"}],"author":[{"embeddable":true,"href":"https:\/\/josemanuelcardiel.com\/en\/wp-json\/wp\/v2\/users\/1"}],"replies":[{"embeddable":true,"href":"https:\/\/josemanuelcardiel.com\/en\/wp-json\/wp\/v2\/comments?post=331"}],"version-history":[{"count":1,"href":"https:\/\/josemanuelcardiel.com\/en\/wp-json\/wp\/v2\/pages\/331\/revisions"}],"predecessor-version":[{"id":1654,"href":"https:\/\/josemanuelcardiel.com\/en\/wp-json\/wp\/v2\/pages\/331\/revisions\/1654"}],"wp:attachment":[{"href":"https:\/\/josemanuelcardiel.com\/en\/wp-json\/wp\/v2\/media?parent=331"}],"curies":[{"name":"wp","href":"https:\/\/api.w.org\/{rel}","templated":true}]}}