{"id":30,"date":"2020-02-19T10:46:41","date_gmt":"2020-02-19T10:46:41","guid":{"rendered":"http:\/\/josemanuelcardiel.com\/?page_id=30"},"modified":"2024-01-22T11:14:00","modified_gmt":"2024-01-22T09:14:00","slug":"expresionismo-abstracto","status":"publish","type":"page","link":"https:\/\/josemanuelcardiel.com\/en\/abstract-expressionism\/","title":{"rendered":"Jose Manuel Cardiel"},"content":{"rendered":"<main class=\"wp-block-uagb-container uagb-block-3ce38d71 alignfull uagb-is-root-container\"><div class=\"uagb-container-inner-blocks-wrap\">\n<figure class=\"wp-block-image alignfull size-full\"><img loading=\"lazy\" decoding=\"async\" width=\"1296\" height=\"864\" src=\"http:\/\/josemanuelcardiel.com\/wp-content\/uploads\/2020\/02\/PORTADAcardiel.jpg\" alt=\"Portrait Jose Manuel Cardiel\" class=\"wp-image-31\" srcset=\"https:\/\/josemanuelcardiel.com\/wp-content\/uploads\/2020\/02\/PORTADAcardiel.jpg 1296w, https:\/\/josemanuelcardiel.com\/wp-content\/uploads\/2020\/02\/PORTADAcardiel-300x200.jpg 300w, https:\/\/josemanuelcardiel.com\/wp-content\/uploads\/2020\/02\/PORTADAcardiel-1024x683.jpg 1024w, https:\/\/josemanuelcardiel.com\/wp-content\/uploads\/2020\/02\/PORTADAcardiel-768x512.jpg 768w\" sizes=\"auto, (max-width: 1296px) 100vw, 1296px\" \/><\/figure>\n\n\n\n<h1 class=\"wp-block-heading\">Jose Manuel Cardiel<\/h1>\n\n\n\n<p><strong><em>Jos\u00e9 Manuel Cardiel P\u00e9rez<\/em><\/strong>\u00a0Born in Logro\u00f1o on March 25, 1958. Graduated in Medicine and Surgery in 1981. Specialist in Stomatology since 1984, with private professional practice in Zaragoza since 1984.<br>Multifaceted and versatile man. Jos\u00e9 Manuel Cardiel is a very restless person, he has written two books and directs the Salus Semper Medical Magazine, which won the SANITARIA 2000 award for knowledge management. He is currently Vice President of the College of Physicians of Zaragoza and Honorary Consul of the Republic of Honduras in Aragon.<br><br>His role as a painter began in 1990. He has been painting for more than thirty years. Self-taught painter, with more than three hundred and fifty paintings in his overall work. His painting is part of the abstract expressionism typical of the pictorial movement of Willem De Kooning and Jackson Pollock, characterized by throwing, splashing, pouring and dripping on canvas. It is defined as a painting with a great command of color and light in all the paintings. Each canvas reflects a feeling and a mood. He belongs to the Spanish Society of Painters and Sculptors AEPE. <\/p>\n\n\n\n<h2 class=\"wp-block-heading\">Abstract expressionist technique and style<\/h2>\n\n\n\n<p>It is an abstract and vigorous painting, of great density and very intense from a chromatic point of view. The pigment, wildly applied in thick layers of paint with a concentration aimed exclusively at the creative act without predetermining its result.<br>The technique combines the movement of the body with the viscous flow of paint, the force of gravity and the canvas. movements around the canvas like a dance until seeing and understanding that the work is finished. The surface of the painting is an open field without limits.<br>Throwing, splashing, pouring and dripping onto the canvas; mastery of color and light. Each painting reflects a feeling.<\/p>\n\n\n\n<p><\/p>\n\n\n\n<div class=\"wp-block-uagb-buttons uagb-buttons__outer-wrap uagb-btn__default-btn uagb-btn-tablet__default-btn uagb-btn-mobile__default-btn uagb-block-924bfbca\"><div class=\"uagb-buttons__wrap uagb-buttons-layout-wrap\">\n<div class=\"wp-block-uagb-buttons-child uagb-buttons__outer-wrap uagb-block-a9d78819 wp-block-button\"><div class=\"uagb-button__wrapper\"><a class=\"uagb-buttons-repeater wp-block-button__link\" href=\"https:\/\/josemanuelcardiel.com\/en\/the-work\/\" onclick=\"return true;\" rel=\"follow noopener\" target=\"_self\"><div class=\"uagb-button__link\">Visit the work<\/div><\/a><\/div><\/div>\n\n\n\n<div class=\"wp-block-uagb-buttons-child uagb-buttons__outer-wrap uagb-block-ee3461c3 wp-block-button\"><div class=\"uagb-button__wrapper\"><a class=\"uagb-buttons-repeater wp-block-button__link\" href=\"https:\/\/josemanuelcardiel.com\/en\/contact\/\" onclick=\"return true;\" rel=\"follow noopener\" target=\"_self\"><div class=\"uagb-button__link\">contact me<\/div><\/a><\/div><\/div>\n<\/div><\/div>\n<\/div><\/main>","protected":false},"excerpt":{"rendered":"<p>Jos\u00e9 Manuel Cardiel Jos\u00e9 Manuel Cardiel P\u00e9rez\u00a0nace en Logro\u00f1o un 25 de marzo de 1958. Licenciado en Medicina y Cirug\u00eda en 1981. Especialista en Estomatolog\u00eda desde 1984, con consulta profesional privada en Zaragoza desde 1984.Hombre polifac\u00e9tico y vers\u00e1til. Jos\u00e9 Manuel Cardiel es una persona muy inquieta, ha escrito dos libros y dirige la Revista M\u00e9dica Salus Semper que obtuvo el premio SANITARIA 2000 por gesti\u00f3n del conocimiento. En la actualidad es Vicepresidente del Colegio de M\u00e9dicos de Zaragoza y C\u00f3nsul Honorario de la Rep\u00fablica de Honduras en Arag\u00f3n. Su faceta como pintor comenz\u00f3 en el a\u00f1o 1990. Lleva m\u00e1s de treinta a\u00f1os pintando. Pintor autodidacta, con m\u00e1s de trescientos cincuenta cuadros en el conjunto de su obra. Su pintura se enmarca en el expresionismo abstracto propio del movimiento pict\u00f3rico de Willem De Kooning y de Jackson Pollock, caracterizado en arrojar, salpicar, verter y gotear sobre lienzo. Se define como una pintura con un gran dominio del color y de la luz en todos los cuadros. Cada lienzo refleja un sentimiento y un estado de \u00e1nimo. Pertenece a la Sociedad Espa\u00f1ola de Pintores y Escultores AEPE. La t\u00e9cnica y el estilo expresionista abstracto Es una pintura abstracta y vigorosa, de gran [&hellip;]<\/p>\n","protected":false},"author":1,"featured_media":0,"parent":0,"menu_order":0,"comment_status":"closed","ping_status":"closed","template":"","meta":{"_uag_custom_page_level_css":"","site-sidebar-layout":"default","site-content-layout":"","ast-site-content-layout":"default","site-content-style":"default","site-sidebar-style":"default","ast-global-header-display":"","ast-banner-title-visibility":"","ast-main-header-display":"","ast-hfb-above-header-display":"","ast-hfb-below-header-display":"","ast-hfb-mobile-header-display":"","site-post-title":"disabled","ast-breadcrumbs-content":"","ast-featured-img":"","footer-sml-layout":"","ast-disable-related-posts":"","theme-transparent-header-meta":"","adv-header-id-meta":"","stick-header-meta":"","header-above-stick-meta":"","header-main-stick-meta":"","header-below-stick-meta":"","astra-migrate-meta-layouts":"set","ast-page-background-enabled":"default","ast-page-background-meta":{"desktop":{"background-color":"var(--ast-global-color-4)","background-image":"","background-repeat":"repeat","background-position":"center center","background-size":"auto","background-attachment":"scroll","background-type":"","background-media":"","overlay-type":"","overlay-color":"","overlay-opacity":"","overlay-gradient":""},"tablet":{"background-color":"","background-image":"","background-repeat":"repeat","background-position":"center center","background-size":"auto","background-attachment":"scroll","background-type":"","background-media":"","overlay-type":"","overlay-color":"","overlay-opacity":"","overlay-gradient":""},"mobile":{"background-color":"","background-image":"","background-repeat":"repeat","background-position":"center center","background-size":"auto","background-attachment":"scroll","background-type":"","background-media":"","overlay-type":"","overlay-color":"","overlay-opacity":"","overlay-gradient":""}},"ast-content-background-meta":{"desktop":{"background-color":"var(--ast-global-color-5)","background-image":"","background-repeat":"repeat","background-position":"center center","background-size":"auto","background-attachment":"scroll","background-type":"","background-media":"","overlay-type":"","overlay-color":"","overlay-opacity":"","overlay-gradient":""},"tablet":{"background-color":"var(--ast-global-color-5)","background-image":"","background-repeat":"repeat","background-position":"center center","background-size":"auto","background-attachment":"scroll","background-type":"","background-media":"","overlay-type":"","overlay-color":"","overlay-opacity":"","overlay-gradient":""},"mobile":{"background-color":"var(--ast-global-color-5)","background-image":"","background-repeat":"repeat","background-position":"center center","background-size":"auto","background-attachment":"scroll","background-type":"","background-media":"","overlay-type":"","overlay-color":"","overlay-opacity":"","overlay-gradient":""}},"ngg_post_thumbnail":0,"footnotes":""},"class_list":["post-30","page","type-page","status-publish","hentry"],"uagb_featured_image_src":{"full":false,"thumbnail":false,"medium":false,"medium_large":false,"large":false,"1536x1536":false,"2048x2048":false,"trp-custom-language-flag":false,"ultp_layout_landscape_large":false,"ultp_layout_landscape":false,"ultp_layout_portrait":false,"ultp_layout_square":false},"uagb_author_info":{"display_name":"admin","author_link":"https:\/\/josemanuelcardiel.com\/en\/author\/admin\/"},"uagb_comment_info":0,"uagb_excerpt":"Jos\u00e9 Manuel Cardiel Jos\u00e9 Manuel Cardiel P\u00e9rez\u00a0nace en Logro\u00f1o un 25 de marzo de 1958. Licenciado en Medicina y Cirug\u00eda en 1981. Especialista en Estomatolog\u00eda desde 1984, con consulta profesional privada en Zaragoza desde 1984.Hombre polifac\u00e9tico y vers\u00e1til. Jos\u00e9 Manuel Cardiel es una persona muy inquieta, ha escrito dos libros y dirige la Revista M\u00e9dica&hellip;","_links":{"self":[{"href":"https:\/\/josemanuelcardiel.com\/en\/wp-json\/wp\/v2\/pages\/30","targetHints":{"allow":["GET"]}}],"collection":[{"href":"https:\/\/josemanuelcardiel.com\/en\/wp-json\/wp\/v2\/pages"}],"about":[{"href":"https:\/\/josemanuelcardiel.com\/en\/wp-json\/wp\/v2\/types\/page"}],"author":[{"embeddable":true,"href":"https:\/\/josemanuelcardiel.com\/en\/wp-json\/wp\/v2\/users\/1"}],"replies":[{"embeddable":true,"href":"https:\/\/josemanuelcardiel.com\/en\/wp-json\/wp\/v2\/comments?post=30"}],"version-history":[{"count":7,"href":"https:\/\/josemanuelcardiel.com\/en\/wp-json\/wp\/v2\/pages\/30\/revisions"}],"predecessor-version":[{"id":1648,"href":"https:\/\/josemanuelcardiel.com\/en\/wp-json\/wp\/v2\/pages\/30\/revisions\/1648"}],"wp:attachment":[{"href":"https:\/\/josemanuelcardiel.com\/en\/wp-json\/wp\/v2\/media?parent=30"}],"curies":[{"name":"wp","href":"https:\/\/api.w.org\/{rel}","templated":true}]}}